{"id":8157,"date":"2020-09-04T13:11:16","date_gmt":"2020-09-04T16:11:16","guid":{"rendered":"https:\/\/themoneypath.academy\/producto\/curso-digital-wealth-academy\/"},"modified":"2024-10-28T18:53:31","modified_gmt":"2024-10-28T21:53:31","slug":"curso-digital-wealth-academy","status":"publish","type":"product","link":"https:\/\/themoneypath.academy\/pt-br\/producto\/curso-digital-wealth-academy\/","title":{"rendered":"Curso Digital Wealth Academy"},"content":{"rendered":"<section class=\"l-section wpb_row height_medium\" id=\"overview\"><div class=\"l-section-h i-cf\"><div class=\"g-cols vc_row via_flex valign_top type_default stacking_default\"><div class=\"vc_col-sm-12 wpb_column vc_column_container\"><div class=\"vc_column-inner\"><div class=\"wpb_wrapper\"><div class=\"wpb_text_column\"><div class=\"wpb_wrapper\"><h2>Resumo<\/h2>\n<\/div><\/div><div class=\"wpb_text_column\"><div class=\"wpb_wrapper\"><p><strong>Este curso integral de neg\u00f3cios, marketing e automa\u00e7\u00e3o oferece um guia completo para empreender no mundo do marketing digital, ideal para iniciantes e empreendedores que buscam gerar renda online.<\/strong><\/p>\n<p>Atrav\u00e9s de m\u00f3dulos detalhados, voc\u00ea aprender\u00e1 a criar e automatizar seu pr\u00f3prio neg\u00f3cio digital do zero, implementar funis de vendas, projetar campanhas de email marketing e otimizar sua presen\u00e7a nas redes sociais. Al\u00e9m disso, voc\u00ea ter\u00e1 acesso a <strong>Direitos de Revenda Mestre<\/strong>, o que lhe permitir\u00e1 vender o curso com 100% de lucro. O curso inclui suporte cont\u00ednuo, atualiza\u00e7\u00f5es vital\u00edcias e a possibilidade de criar seus pr\u00f3prios produtos digitais para diversificar sua renda.<\/p>\n<\/div><\/div><\/div><\/div><\/div><\/div><\/div><\/section><section class=\"l-section wpb_row height_medium\" id=\"learn\"><div class=\"l-section-h i-cf\"><div class=\"g-cols vc_row via_flex valign_top type_default stacking_default\"><div class=\"vc_col-sm-12 wpb_column vc_column_container\"><div class=\"vc_column-inner\"><div class=\"wpb_wrapper\"><div class=\"wpb_text_column\"><div class=\"wpb_wrapper\"><h2>O que voc\u00ea aprender\u00e1 neste curso?<\/h2>\n<\/div><\/div><div class=\"w-separator size_small\"><\/div><div class=\"w-tabs style_default switch_click accordion has_scrolling\"><div class=\"w-tabs-sections titles-align_none icon_plus cpos_right\"><div class=\"w-tabs-section\" id=\"v3df\"><button class=\"w-tabs-section-header\" aria-controls=\"content-v3df\" aria-expanded=\"false\"><h6 class=\"w-tabs-section-title\">Fundamentos Empresariais<\/h6><div class=\"w-tabs-section-control\"><\/div><\/button><div  class=\"w-tabs-section-content\" id=\"content-v3df\"><div class=\"w-tabs-section-content-h i-cf\"><div class=\"wpb_text_column\"><div class=\"wpb_wrapper\"><p>Descubra os princ\u00edpios essenciais para se tornar um empreendedor de sucesso. Aprenda a configurar seus sistemas e produtos para maximizar o crescimento sustent\u00e1vel.<\/p>\n<\/div><\/div><\/div><\/div><\/div><div class=\"w-tabs-section\" id=\"r570\"><button class=\"w-tabs-section-header\" aria-controls=\"content-r570\" aria-expanded=\"false\"><h6 class=\"w-tabs-section-title\">Criar Funis de Vendas<\/h6><div class=\"w-tabs-section-control\"><\/div><\/button><div  class=\"w-tabs-section-content\" id=\"content-r570\"><div class=\"w-tabs-section-content-h i-cf\"><div class=\"wpb_text_column\"><div class=\"wpb_wrapper\"><p>Aprenda a configurar funis de vendas eficazes. Essas estrat\u00e9gias ajudar\u00e3o voc\u00ea a revender produtos ou lan\u00e7ar e otimizar novos neg\u00f3cios.<\/p>\n<\/div><\/div><\/div><\/div><\/div><div class=\"w-tabs-section\" id=\"h6ff\"><button class=\"w-tabs-section-header\" aria-controls=\"content-h6ff\" aria-expanded=\"false\"><h6 class=\"w-tabs-section-title\">Automatiza\u00e7\u00e3o Empresarial<\/h6><div class=\"w-tabs-section-control\"><\/div><\/button><div  class=\"w-tabs-section-content\" id=\"content-h6ff\"><div class=\"w-tabs-section-content-h i-cf\"><div class=\"wpb_text_column\"><div class=\"wpb_wrapper\"><p>Automatize seu neg\u00f3cio com ferramentas poderosas de monitoramento. Maximize as vendas e permita que sua empresa opere automaticamente, sem interven\u00e7\u00e3o di\u00e1ria.<\/p>\n<\/div><\/div><\/div><\/div><\/div><div class=\"w-tabs-section\" id=\"z883\"><button class=\"w-tabs-section-header\" aria-controls=\"content-z883\" aria-expanded=\"false\"><h6 class=\"w-tabs-section-title\">Email Marketing<\/h6><div class=\"w-tabs-section-control\"><\/div><\/button><div  class=\"w-tabs-section-content\" id=\"content-z883\"><div class=\"w-tabs-section-content-h i-cf\"><div class=\"wpb_text_column\"><div class=\"wpb_wrapper\"><p>Domine a cria\u00e7\u00e3o de campanhas de e-mail que convertem. Aprenda a projetar, automatizar e analisar campanhas para maximizar sua efic\u00e1cia.<\/p>\n<\/div><\/div><\/div><\/div><\/div><div class=\"w-tabs-section\" id=\"qa01\"><button class=\"w-tabs-section-header\" aria-controls=\"content-qa01\" aria-expanded=\"false\"><h6 class=\"w-tabs-section-title\">Blogging para o Sucesso<\/h6><div class=\"w-tabs-section-control\"><\/div><\/button><div  class=\"w-tabs-section-content\" id=\"content-qa01\"><div class=\"w-tabs-section-content-h i-cf\"><div class=\"wpb_text_column\"><div class=\"wpb_wrapper\"><p>Descubra como criar e otimizar conte\u00fado de blog que atraia tr\u00e1fego e se posicione nos motores de busca. Escreva conte\u00fado atraente que impulsione seu neg\u00f3cio.<\/p>\n<\/div><\/div><\/div><\/div><\/div><div class=\"w-tabs-section\" id=\"gb8b\"><button class=\"w-tabs-section-header\" aria-controls=\"content-gb8b\" aria-expanded=\"false\"><h6 class=\"w-tabs-section-title\">Marketing de Afiliados<\/h6><div class=\"w-tabs-section-control\"><\/div><\/button><div  class=\"w-tabs-section-content\" id=\"content-gb8b\"><div class=\"w-tabs-section-content-h i-cf\"><div class=\"wpb_text_column\"><div class=\"wpb_wrapper\"><p>Aumente sua renda com o poder do Marketing de Afiliados. Aprenda como gerar renda passiva aproveitando esse modelo em seu neg\u00f3cio digital.<\/p>\n<\/div><\/div><\/div><\/div><\/div><div class=\"w-tabs-section\" id=\"dd07\"><button class=\"w-tabs-section-header\" aria-controls=\"content-dd07\" aria-expanded=\"false\"><h6 class=\"w-tabs-section-title\">Estrat\u00e9gia de Conte\u00fado<\/h6><div class=\"w-tabs-section-control\"><\/div><\/button><div  class=\"w-tabs-section-content\" id=\"content-dd07\"><div class=\"w-tabs-section-content-h i-cf\"><div class=\"wpb_text_column\"><div class=\"wpb_wrapper\"><p>Desenvolva estrat\u00e9gias eficazes para promover seu neg\u00f3cio nas redes sociais. Defina seu p\u00fablico-alvo e crie conte\u00fado que impulsione a convers\u00e3o.<\/p>\n<\/div><\/div><\/div><\/div><\/div><div class=\"w-tabs-section\" id=\"ke7f\"><button class=\"w-tabs-section-header\" aria-controls=\"content-ke7f\" aria-expanded=\"false\"><h6 class=\"w-tabs-section-title\">Impulso de Marca<\/h6><div class=\"w-tabs-section-control\"><\/div><\/button><div  class=\"w-tabs-section-content\" id=\"content-ke7f\"><div class=\"w-tabs-section-content-h i-cf\"><div class=\"wpb_text_column\"><div class=\"wpb_wrapper\"><p>Fortale\u00e7a sua marca pessoal com estrat\u00e9gias s\u00f3lidas. Aprenda a se posicionar e construir uma reputa\u00e7\u00e3o em m\u00faltiplas plataformas.<\/p>\n<\/div><\/div><\/div><\/div><\/div><div class=\"w-tabs-section\" id=\"p01b\"><button class=\"w-tabs-section-header\" aria-controls=\"content-p01b\" aria-expanded=\"false\"><h6 class=\"w-tabs-section-title\">Cria\u00e7\u00e3o de Produtos Digitais<\/h6><div class=\"w-tabs-section-control\"><\/div><\/button><div  class=\"w-tabs-section-content\" id=\"content-p01b\"><div class=\"w-tabs-section-content-h i-cf\"><div class=\"wpb_text_column\"><div class=\"wpb_wrapper\"><p>Aprenda a criar e vender seus pr\u00f3prios produtos digitais, aproveitando o alcance das redes sociais para aumentar suas vendas.<\/p>\n<\/div><\/div><\/div><\/div><\/div><div class=\"w-tabs-section\" id=\"i197\"><button class=\"w-tabs-section-header\" aria-controls=\"content-i197\" aria-expanded=\"false\"><h6 class=\"w-tabs-section-title\">E muito mais!<\/h6><div class=\"w-tabs-section-control\"><\/div><\/button><div  class=\"w-tabs-section-content\" id=\"content-i197\"><div class=\"w-tabs-section-content-h i-cf\"><div class=\"wpb_text_column\"><div class=\"wpb_wrapper\"><p>Aprenda a criar e vender seus pr\u00f3prios produtos digitais, aproveitando o alcance das redes sociais para aumentar suas vendas.<\/p>\n<\/div><\/div><\/div><\/div><\/div><\/div><\/div><\/div><\/div><\/div><\/div><\/div><\/section><section class=\"l-section wpb_row height_medium\" id=\"include\"><div class=\"l-section-h i-cf\"><div class=\"g-cols vc_row via_flex valign_top type_default stacking_default\"><div class=\"vc_col-sm-12 wpb_column vc_column_container\"><div class=\"vc_column-inner\"><div class=\"wpb_wrapper\"><div class=\"wpb_text_column\"><div class=\"wpb_wrapper\"><h2>O que inclui?<\/h2>\n<\/div><\/div><div class=\"w-separator size_small\"><\/div><div class=\"w-tabs style_default switch_click accordion has_scrolling\"><div class=\"w-tabs-sections titles-align_none icon_plus cpos_right\"><div class=\"w-tabs-section\" id=\"haaf\"><button class=\"w-tabs-section-header with_icon\" aria-controls=\"content-haaf\" aria-expanded=\"false\"><i class=\"fas fa-user-graduate\"><\/i><h6 class=\"w-tabs-section-title\">Curso Integral e Completo<\/h6><div class=\"w-tabs-section-control\"><\/div><\/button><div  class=\"w-tabs-section-content\" id=\"content-haaf\"><div class=\"w-tabs-section-content-h i-cf\"><div class=\"wpb_text_column\"><div class=\"wpb_wrapper\"><p>Um curso completo com mais de 100 li\u00e7\u00f5es f\u00e1ceis de seguir sobre marketing, automa\u00e7\u00e3o e neg\u00f3cios, ideal para iniciantes!<\/p>\n<\/div><\/div><\/div><\/div><\/div><div class=\"w-tabs-section\" id=\"vc4a\"><button class=\"w-tabs-section-header with_icon\" aria-controls=\"content-vc4a\" aria-expanded=\"false\"><i class=\"fas fa-books\"><\/i><h6 class=\"w-tabs-section-title\">Acesso Ilimitado para Sempre<\/h6><div class=\"w-tabs-section-control\"><\/div><\/button><div  class=\"w-tabs-section-content\" id=\"content-vc4a\"><div class=\"w-tabs-section-content-h i-cf\"><div class=\"wpb_text_column\"><div class=\"wpb_wrapper\"><p>Aproveite o acesso ilimitado a todas as futuras atualiza\u00e7\u00f5es, novos m\u00f3dulos e suporte da comunidade, sem custos adicionais.<\/p>\n<\/div><\/div><\/div><\/div><\/div><div class=\"w-tabs-section\" id=\"pdd8\"><button class=\"w-tabs-section-header with_icon\" aria-controls=\"content-pdd8\" aria-expanded=\"false\"><i class=\"fas fa-users\"><\/i><h6 class=\"w-tabs-section-title\">Suporte de uma comunidade global<\/h6><div class=\"w-tabs-section-control\"><\/div><\/button><div  class=\"w-tabs-section-content\" id=\"content-pdd8\"><div class=\"w-tabs-section-content-h i-cf\"><div class=\"wpb_text_column\"><div class=\"wpb_wrapper\"><p>Acesse uma comunidade internacional com mais de 52.000 empreendedores, participe de debates e receba orienta\u00e7\u00e3o.<\/p>\n<\/div><\/div><\/div><\/div><\/div><div class=\"w-tabs-section\" id=\"mf73\"><button class=\"w-tabs-section-header with_icon\" aria-controls=\"content-mf73\" aria-expanded=\"false\"><i class=\"fas fa-badge-dollar\"><\/i><h6 class=\"w-tabs-section-title\">Direitos de Revenda (MRR)<\/h6><div class=\"w-tabs-section-control\"><\/div><\/button><div  class=\"w-tabs-section-content\" id=\"content-mf73\"><div class=\"w-tabs-section-content-h i-cf\"><div class=\"wpb_text_column\"><div class=\"wpb_wrapper\"><p>Obtenha o curso como um produto digital para revend\u00ea-lo. Voc\u00ea recebe 100% do pagamento dos seus clientes, sem intermedi\u00e1rios.<\/p>\n<\/div><\/div><\/div><\/div><\/div><div class=\"w-tabs-section\" id=\"r0fe\"><button class=\"w-tabs-section-header with_icon\" aria-controls=\"content-r0fe\" aria-expanded=\"false\"><i class=\"fas fa-chart-line\"><\/i><h6 class=\"w-tabs-section-title\">Estrat\u00e9gias comprovadas<\/h6><div class=\"w-tabs-section-control\"><\/div><\/button><div  class=\"w-tabs-section-content\" id=\"content-r0fe\"><div class=\"w-tabs-section-content-h i-cf\"><div class=\"wpb_text_column\"><div class=\"wpb_wrapper\"><p>Aprenda a implementar estrat\u00e9gias eficazes que permitir\u00e3o gerar renda passiva com produtos digitais.<\/p>\n<\/div><\/div><\/div><\/div><\/div><div class=\"w-tabs-section\" id=\"u2a7\"><button class=\"w-tabs-section-header with_icon\" aria-controls=\"content-u2a7\" aria-expanded=\"false\"><i class=\"fas fa-globe\"><\/i><h6 class=\"w-tabs-section-title\">Curso dispon\u00edvel em v\u00e1rios idiomas<\/h6><div class=\"w-tabs-section-control\"><\/div><\/button><div  class=\"w-tabs-section-content\" id=\"content-u2a7\"><div class=\"w-tabs-section-content-h i-cf\"><div class=\"wpb_text_column\"><div class=\"wpb_wrapper\"><p>Distribua o curso globalmente em ingl\u00eas, espanhol, franc\u00eas, italiano e alem\u00e3o, alcan\u00e7ando um p\u00fablico mais amplo.<\/p>\n<\/div><\/div><\/div><\/div><\/div><\/div><\/div><\/div><\/div><\/div><\/div><\/div><\/section><section class=\"l-section wpb_row height_medium\" id=\"mrr\"><div class=\"l-section-h i-cf\"><div class=\"g-cols vc_row via_flex valign_top type_default stacking_default\"><div class=\"vc_col-sm-12 wpb_column vc_column_container\"><div class=\"vc_column-inner\"><div class=\"wpb_wrapper\"><div class=\"wpb_text_column\"><div class=\"wpb_wrapper\"><h2>O que s\u00e3o os Direitos de Revenda Mestre?<\/h2>\n<\/div><\/div><div class=\"w-separator size_small\"><\/div><div class=\"wpb_text_column\"><div class=\"wpb_wrapper\"><p><strong>Os MRR (Master Resell Rights) s\u00e3o direitos de revenda que permitem que voc\u00ea adquira um produto digital e o venda como se fosse seu, obtendo 100% dos lucros. <\/strong><\/p>\n<p>Isso significa que, ao comprar um produto com MRR, voc\u00ea n\u00e3o s\u00f3 tem acesso ao seu conte\u00fado, mas tamb\u00e9m pode comercializ\u00e1-lo em seu nome, sem precisar pagar comiss\u00f5es ou royalties ao criador original. \u00c9 uma excelente maneira de gerar renda aproveitando um produto j\u00e1 criado, com a liberdade de definir seu pr\u00f3prio pre\u00e7o e vend\u00ea-lo quantas vezes quiser.<\/p>\n<\/div><\/div><\/div><\/div><\/div><\/div><\/div><\/section>\n","protected":false},"excerpt":{"rendered":"<p>Um programa completo com mais de 80 m\u00f3dulos detalhados e f\u00e1ceis de seguir, projetado especialmente para iniciantes.<\/p>\n","protected":false},"featured_media":8120,"template":"","meta":[],"product_brand":[],"product_cat":[59],"product_tag":[],"class_list":{"0":"post-8157","1":"product","2":"type-product","3":"status-publish","4":"has-post-thumbnail","6":"product_cat-marketing-pt-br","8":"first","9":"instock","10":"sale","11":"downloadable","12":"virtual","13":"sold-individually","14":"purchasable","15":"product-type-simple"},"_links":{"self":[{"href":"https:\/\/themoneypath.academy\/pt-br\/wp-json\/wp\/v2\/product\/8157","targetHints":{"allow":["GET"]}}],"collection":[{"href":"https:\/\/themoneypath.academy\/pt-br\/wp-json\/wp\/v2\/product"}],"about":[{"href":"https:\/\/themoneypath.academy\/pt-br\/wp-json\/wp\/v2\/types\/product"}],"wp:featuredmedia":[{"embeddable":true,"href":"https:\/\/themoneypath.academy\/pt-br\/wp-json\/wp\/v2\/media\/8120"}],"wp:attachment":[{"href":"https:\/\/themoneypath.academy\/pt-br\/wp-json\/wp\/v2\/media?parent=8157"}],"wp:term":[{"taxonomy":"product_brand","embeddable":true,"href":"https:\/\/themoneypath.academy\/pt-br\/wp-json\/wp\/v2\/product_brand?post=8157"},{"taxonomy":"product_cat","embeddable":true,"href":"https:\/\/themoneypath.academy\/pt-br\/wp-json\/wp\/v2\/product_cat?post=8157"},{"taxonomy":"product_tag","embeddable":true,"href":"https:\/\/themoneypath.academy\/pt-br\/wp-json\/wp\/v2\/product_tag?post=8157"}],"curies":[{"name":"wp","href":"https:\/\/api.w.org\/{rel}","templated":true}]}}